{"id":399,"date":"2022-02-08T04:25:49","date_gmt":"2022-02-08T11:25:49","guid":{"rendered":"https:\/\/daminhptvn.org\/?page_id=399"},"modified":"2022-03-27T05:40:28","modified_gmt":"2022-03-27T11:40:28","slug":"donation","status":"publish","type":"page","link":"https:\/\/daminhptvn.org\/?page_id=399","title":{"rendered":"Donation"},"content":{"rendered":"\n<p>T\u1ea1i Canada, qu\u00fd \u00e2n nh\u00e2n mu\u1ed1n gi\u00fap \u0111\u1ee1 \u01a0n G\u1ecdi \u0110a Minh ho\u1eb7c Ph\u1ee5 T\u1ec9nh \u0110a Minh, c\u00f3 th\u1ec3 d\u00f9ng c\u00f4ng ngh\u1ec7 E-transfer g\u1eedi ti\u1ec1n tr\u1ef1c ti\u1ebfp v\u00e0o email ch\u00ednh th\u1ee9c c\u1ee7a Ph\u1ee5 t\u1ec9nh, <a href=\"mailto:phutinh@daminhptvn.org\">phutinh@daminhptvn.org<\/a>.<\/p>\n\n\n\n<p>T\u1ea1i Hoa k\u1ef3, qu\u00fd \u00e2n nh\u00e2n c\u00f3 th\u1ec3 d\u00f9ng c\u00f4ng ngh\u1ec7 Zelle \u0111\u1ec3 g\u1eedi ti\u1ec1n tr\u1ef1c ti\u1ebfp v\u00e0o email sau \u0111\u00e2y: <a href=\"mailto:vietnamesedominicans@gmail.com\">vietnamesedominicans@gmail.com<\/a>.<\/p>\n\n\n\n<p><strong><span class=\"has-inline-color has-vivid-red-color\">L\u01b0u \u00fd<\/span><\/strong>:  N\u1ebfu gi\u00fap \u0111\u1ee1 qua th\u1ebb t\u00edn d\u1ee5ng (credit card, Paypal, gift card) xin qu\u00fd \u00e2n nh\u00e2n \u0111i\u1ec1n email v\u00e0o form d\u01b0\u1edbi \u0111\u00e2y v\u00e0 ki\u1ec3m tra l\u1ea1i cho ch\u00ednh x\u00e1c v\u00ec \u0111\u00e2y l\u00e0 ph\u01b0\u01a1ng ti\u1ec7n duy nh\u1ea5t \u0111\u1ec3 qu\u00fd \u00e2n nh\u00e2n nh\u1eadn \u0111\u01b0\u1ee3c tax receipt qua \u0111i\u1ec7n th\u01b0. Trong tr\u01b0\u1eddng h\u1ee3p kh\u00f4ng nh\u1eadn \u0111\u01b0\u1ee3c tax receipt, xin vui l\u00f2ng li\u00ean l\u1ea1c v\u1edbi Ph\u1ee5 t\u1ec9nh \u0111\u1ec3 \u0111\u01b0\u1ee3c gi\u00fap \u0111\u1ee1.<\/p>\n\n\n\n<p><\/p>\n\n\n\n<div style=\"height: 1646px\">\n<script id=\"ch_cdn_embed\" type=\"text\/javascript\" src=\"https:\/\/www.canadahelps.org\/secure\/js\/cdf_embed.2.js\" charset=\"utf-8\" data-language=\"en\" data-page-id=\"70839\" data-root-url=\"https:\/\/www.canadahelps.org\" data-formtype=\"0\" data-cfasync=\"false\"><\/script>\n<!--script id=\"ch_cdn_embed\" type=\"text\/javascript\" src=\"https:\/\/www.canadahelps.org\/secure\/js\/cdf_embed.2.js\" charset=\"utf-8\" data-language=\"en\" data-page-id=\"70200\" data-root-url=\"https:\/\/www.canadahelps.org\" data-formtype=\"0\" data-cfasync=\"false\"><\/script-->\n<\/div>\n\n\n\n<p><\/p>\n","protected":false},"excerpt":{"rendered":"<p>T\u1ea1i Canada, qu\u00fd \u00e2n nh\u00e2n mu\u1ed1n gi\u00fap \u0111\u1ee1 \u01a0n G\u1ecdi \u0110a Minh ho\u1eb7c Ph\u1ee5 T\u1ec9nh \u0110a Minh, c\u00f3 th\u1ec3 d\u00f9ng c\u00f4ng ngh\u1ec7 E-transfer g\u1eedi ti\u1ec1n tr\u1ef1c ti\u1ebfp v\u00e0o email ch\u00ednh th\u1ee9c c\u1ee7a Ph\u1ee5 t\u1ec9nh, phutinh@daminhptvn.org. T\u1ea1i Hoa k\u1ef3, qu\u00fd \u00e2n nh\u00e2n c\u00f3 th\u1ec3 d\u00f9ng c\u00f4ng ngh\u1ec7 Zelle \u0111\u1ec3 g\u1eedi ti\u1ec1n tr\u1ef1c ti\u1ebfp v\u00e0o email sau [&hellip;]<\/p>\n","protected":false},"author":1,"featured_media":0,"parent":0,"menu_order":0,"comment_status":"closed","ping_status":"closed","template":"","meta":{"footnotes":""},"class_list":["post-399","page","type-page","status-publish","hentry"],"_links":{"self":[{"href":"https:\/\/daminhptvn.org\/index.php?rest_route=\/wp\/v2\/pages\/399","targetHints":{"allow":["GET"]}}],"collection":[{"href":"https:\/\/daminhptvn.org\/index.php?rest_route=\/wp\/v2\/pages"}],"about":[{"href":"https:\/\/daminhptvn.org\/index.php?rest_route=\/wp\/v2\/types\/page"}],"author":[{"embeddable":true,"href":"https:\/\/daminhptvn.org\/index.php?rest_route=\/wp\/v2\/users\/1"}],"replies":[{"embeddable":true,"href":"https:\/\/daminhptvn.org\/index.php?rest_route=%2Fwp%2Fv2%2Fcomments&post=399"}],"version-history":[{"count":29,"href":"https:\/\/daminhptvn.org\/index.php?rest_route=\/wp\/v2\/pages\/399\/revisions"}],"predecessor-version":[{"id":2282,"href":"https:\/\/daminhptvn.org\/index.php?rest_route=\/wp\/v2\/pages\/399\/revisions\/2282"}],"wp:attachment":[{"href":"https:\/\/daminhptvn.org\/index.php?rest_route=%2Fwp%2Fv2%2Fmedia&parent=399"}],"curies":[{"name":"wp","href":"https:\/\/api.w.org\/{rel}","templated":true}]}}