{"id":116,"date":"2021-10-15T11:10:00","date_gmt":"2021-10-15T11:10:00","guid":{"rendered":"https:\/\/daminhptvn.stvincentliem.ca\/?page_id=116"},"modified":"2021-10-15T11:10:00","modified_gmt":"2021-10-15T11:10:00","slug":"lien-he","status":"publish","type":"page","link":"https:\/\/daminhptvn.org\/?page_id=116","title":{"rendered":"Li\u00ean H\u1ec7"},"content":{"rendered":"\n<p>\u26ea N\u1ebfu c\u00f3 vi\u1ec7c c\u1ea7n thi\u1ebft, xin qu\u00fd v\u1ecb vui l\u00f2ng li\u00ean h\u1ec7 v\u1edbi v\u0103n ph\u00f2ng ph\u1ee5 t\u1ec9nh theo th\u00f4ng tin li\u00ean l\u1ea1c d\u01b0\u1edbi \u0111\u00e2y.<\/p>\n\n\n\n<iframe src=\"https:\/\/www.google.com\/maps\/embed?pb=!1m14!1m8!1m3!1d10036.9896507612!2d-113.99293500000002!3d51.030051!3m2!1i1024!2i768!4f13.1!3m3!1m2!1s0x53717aee970e0a3b%3A0xa8e49b0dd5ea4e50!2s2815%2026%20Ave%20SE%2C%20Calgary%2C%20AB%20T2B%200R3%2C%20Canada!5e0!3m2!1sen!2sus!4v1634296064627!5m2!1sen!2sus\" width=\"100%\" height=\"450\" style=\"border:0;\" allowfullscreen=\"\" loading=\"lazy\"><\/iframe>\n\n\n\n<p><strong>\u0110\u1ecba ch\u1ec9<\/strong>: 2815 &#8211; 26 Ave. SE, Calgary, AB T2B 0R3 Canada<br><strong>\u0110i\u1ec7n Tho\u1ea1i<\/strong>: (403) 276-1323<br><strong>Fax.<\/strong>: (403) 276-7392<br><strong>Email<\/strong>:\u00a0office@daminhptvn.org<\/p>\n","protected":false},"excerpt":{"rendered":"<p>\u26ea N\u1ebfu c\u00f3 vi\u1ec7c c\u1ea7n thi\u1ebft, xin qu\u00fd v\u1ecb vui l\u00f2ng li\u00ean h\u1ec7 v\u1edbi v\u0103n ph\u00f2ng ph\u1ee5 t\u1ec9nh theo th\u00f4ng tin li\u00ean l\u1ea1c d\u01b0\u1edbi \u0111\u00e2y. \u0110\u1ecba ch\u1ec9: 2815 &#8211; 26 Ave. SE, Calgary, AB T2B 0R3 Canada\u0110i\u1ec7n Tho\u1ea1i: (403) 276-1323Fax.: (403) 276-7392Email:\u00a0office@daminhptvn.org<\/p>\n","protected":false},"author":1,"featured_media":0,"parent":0,"menu_order":0,"comment_status":"closed","ping_status":"closed","template":"","meta":{"footnotes":""},"class_list":["post-116","page","type-page","status-publish","hentry"],"_links":{"self":[{"href":"https:\/\/daminhptvn.org\/index.php?rest_route=\/wp\/v2\/pages\/116","targetHints":{"allow":["GET"]}}],"collection":[{"href":"https:\/\/daminhptvn.org\/index.php?rest_route=\/wp\/v2\/pages"}],"about":[{"href":"https:\/\/daminhptvn.org\/index.php?rest_route=\/wp\/v2\/types\/page"}],"author":[{"embeddable":true,"href":"https:\/\/daminhptvn.org\/index.php?rest_route=\/wp\/v2\/users\/1"}],"replies":[{"embeddable":true,"href":"https:\/\/daminhptvn.org\/index.php?rest_route=%2Fwp%2Fv2%2Fcomments&post=116"}],"version-history":[{"count":1,"href":"https:\/\/daminhptvn.org\/index.php?rest_route=\/wp\/v2\/pages\/116\/revisions"}],"predecessor-version":[{"id":117,"href":"https:\/\/daminhptvn.org\/index.php?rest_route=\/wp\/v2\/pages\/116\/revisions\/117"}],"wp:attachment":[{"href":"https:\/\/daminhptvn.org\/index.php?rest_route=%2Fwp%2Fv2%2Fmedia&parent=116"}],"curies":[{"name":"wp","href":"https:\/\/api.w.org\/{rel}","templated":true}]}}