{"id":113,"date":"2021-10-15T10:55:32","date_gmt":"2021-10-15T10:55:32","guid":{"rendered":"https:\/\/daminhptvn.stvincentliem.ca\/?page_id=113"},"modified":"2025-07-25T12:13:05","modified_gmt":"2025-07-25T18:13:05","slug":"huynh-doan","status":"publish","type":"page","link":"https:\/\/daminhptvn.org\/?page_id=113","title":{"rendered":"Huynh \u0110o\u00e0n"},"content":{"rendered":"\n<p><a href=\"https:\/\/daminhptvn.org\/?p=3282\" target=\"_blank\" rel=\"noreferrer noopener\">Gi\u1edbi thi\u1ec7u Huynh \u0111o\u00e0n<\/a><\/p>\n\n\n\n<p class=\"has-text-align-center\"><strong>Danh s\u00e1ch c\u00e1c Huynh \u0110o\u00e0n thu\u1ed9c Ph\u1ee5 T\u1ec9nh<\/strong><\/p>\n\n\n\n<p><strong><span class=\"has-inline-color has-luminous-vivid-orange-color\">Hoa k\u1ef3<\/span><\/strong><\/p>\n\n\n\n<p>      1. Th\u00e1nh Catarina Siena, gi\u00e1o x\u1ee9 c\u00e1c th\u00e1nh t\u1eed \u0111\u1ea1o Seatle.<\/p>\n\n\n\n<p>     2. Th\u00e1nh Catarina Ricci, gx c\u00e1c th\u00e1nh t\u1eed \u0111\u1ea1o, Phoenix.<\/p>\n\n\n\n<p>     3. Th\u00e1nh Kh\u1ea3m, gx c\u00e1c th\u00e1nh t\u1eed \u0111\u1ea1o, Arlington VA.<\/p>\n\n\n\n<p>     4. Th\u00e1nh Martin, gx c\u00e1c th\u00e1nh t\u1eed \u0111\u1ea1o, Richmond CA.<\/p>\n\n\n\n<p>     5. Th\u00e1nh Martin, gx th\u00e1nh Philiph\u00ea Minh, Orlando Fl.<\/p>\n\n\n\n<p>     6. Gi\u00e1o x\u1ee9 M\u1eabu T\u00e2m, Barling Arkansas, USA.<\/p>\n\n\n\n<p><strong><span class=\"has-inline-color has-luminous-vivid-orange-color\">Li\u00ean huynh b\u1eafc Cali:<\/span><\/strong><\/p>\n\n\n\n<p>     7. Th\u00e1nh C\u1ea3nh, gi\u00e1o x\u1ee9 c\u00e1c th\u00e1nh t\u1eed \u0111\u1ea1o, Sacramento.<\/p>\n\n\n\n<p>     8. M\u1eb9 V\u00f4 Nhi\u1ec5m, gx St Anthony, Oakland.<\/p>\n\n\n\n<p>     9. Th\u00e1nh Vinh S\u01a1n Li\u00eam, gx ch\u00ednh t\u00f2a, Oakland.&nbsp;<\/p>\n\n\n\n<p>    10. Th\u00e1nh Kh\u1ea3m, gx Ch\u00faa Ba Ng\u00f4i, San Jose.&nbsp;<\/p>\n\n\n\n<p>    11. Th\u00e1nh M\u1eadu, gx Maria Goretti, San Jose.&nbsp;<\/p>\n\n\n\n<p>    12. Th\u00e1nh T\u01b0\u1edbc, gx La Vang, San Jose.&nbsp;<\/p>\n\n\n\n<p>    13. Th\u00e1nh Martin, gx Elizabeth. Milpitas.<\/p>\n\n\n\n<p><strong><span class=\"has-inline-color has-luminous-vivid-orange-color\">Li\u00ean huynh nam Cali<\/span><\/strong><\/p>\n\n\n\n<p>    14. Th\u00e1nh To\u00e1n, gi\u00e1o x\u1ee9 St Boniface, Anaheim.<\/p>\n\n\n\n<p>    15. Th\u00e1nh \u0110\u1ec7, gx Tustin, Tustin.<\/p>\n\n\n\n<p>    16. Th\u00e1nh H\u1ea1nh, gx St Barbara, Santa Ana.<\/p>\n\n\n\n<p>    17. Th\u00e1nh T\u01b0\u1edbc, gx St Columban, Garden Grove.<\/p>\n\n\n\n<p>    18. Th\u00e1nh Khang, gx La Vang, Santa Ana.<\/p>\n\n\n\n<p>    19. Th\u00e1nh Vinh S\u01a1n Li\u00eam, gx St Polycarp, Stanton.<\/p>\n\n\n\n<p>    20. Th\u00e1nh Y\u1ebfn, gx ch\u00ednh t\u00f2a, Garden Grove.<\/p>\n\n\n\n<p>    21. Th\u00e1nh C\u1ea3nh, gx Th\u00e1nh Linh, Fountain Valley.<\/p>\n\n\n\n<p>    22. Th\u00e1nh T\u1ef1, gx Westminster<\/p>\n\n\n\n<p><strong><span class=\"has-inline-color has-luminous-vivid-orange-color\">Li\u00ean huynh Texas<\/span><\/strong><\/p>\n\n\n\n<p>&nbsp;    23. Th\u00e1nh t\u1eed \u0111\u1ea1o, gx c\u00e1c th\u00e1nh t\u1eed \u0111\u1ea1o, Arlington TX.<\/p>\n\n\n\n<p>&nbsp;    24. Th\u00e1nh Catarina Siena, gx th\u00e1nh Giuse, Grand Prairie, TX<\/p>\n\n\n\n<p>&nbsp;     25. Th\u00e1nh Martin De Porres, gx Holy Rosary, Houston.<\/p>\n\n\n\n<p>&nbsp;     26. Th\u00e1nh Catarina Siena, gx Elizabeth Ann Seton, Houston.<\/p>\n\n\n\n<p>&nbsp;     27. M\u1eb9 M\u00e2n C\u00f4i, gx Ng\u00f4i L\u1eddi, Houston<\/p>\n\n\n\n<p>&nbsp;     28. Th\u00e1nh \u0110\u1ec7, gx c\u00e1c th\u00e1nh t\u1eed \u0111\u1ea1o, Houston.<\/p>\n\n\n\n<p>&nbsp;     29. Th\u00e1nh Catarina Siena, gx La Vang, Houston.<\/p>\n\n\n\n<p>&nbsp;     30. M\u1eb9 M\u00e2n C\u00f4i, huynh \u0111o\u00e0n tr\u1ebb gx La Vang, Houston.<\/p>\n\n\n\n<p>&nbsp;     31. Th\u00e1nh VS Li\u00eam, gx L\u1ed9 \u0110\u1ee9c, Houston.<\/p>\n\n\n\n<p>&nbsp;     32. Th\u00e1nh VS Li\u00eam, huynh \u0111o\u00e0n tr\u1ebb gx L\u1ed9 \u0110\u1ee9c, Houston.<\/p>\n\n\n\n<p><strong><span class=\"has-inline-color has-luminous-vivid-orange-color\">Li\u00ean huynh Canada<\/span><\/strong><\/p>\n\n\n\n<p>     33. Th\u00e1nh \u0110\u1ec7, gx th\u00e1nh Giuse, Vancouver.<\/p>\n\n\n\n<p>     34. Th\u00e1nh C\u1ea3nh, gx th\u00e1nh VS Li\u00eam, Calgary.<\/p>\n\n\n\n<p>     35. Th\u00e1nh To\u00e1n, gx N\u1eef V\u01b0\u01a1ng c\u00e1c th\u00e1nh t\u1eed \u0111\u1ea1o, Edmonton.<\/p>\n\n\n\n<p>     36. Th\u00e1nh Martin, gx La Vang, Saskatoon.<\/p>\n\n\n\n<p>     37. Th\u00e1nh Catarina, gx La Vang, Ottawa.<\/p>\n\n\n\n<p><\/p>\n\n\n\n<p><\/p>\n","protected":false},"excerpt":{"rendered":"<p>Gi\u1edbi thi\u1ec7u Huynh \u0111o\u00e0n Danh s\u00e1ch c\u00e1c Huynh \u0110o\u00e0n thu\u1ed9c Ph\u1ee5 T\u1ec9nh Hoa k\u1ef3 1. Th\u00e1nh Catarina Siena, gi\u00e1o x\u1ee9 c\u00e1c th\u00e1nh t\u1eed \u0111\u1ea1o Seatle. 2. Th\u00e1nh Catarina Ricci, gx c\u00e1c th\u00e1nh t\u1eed \u0111\u1ea1o, Phoenix. 3. Th\u00e1nh Kh\u1ea3m, gx c\u00e1c th\u00e1nh t\u1eed \u0111\u1ea1o, Arlington VA. 4. Th\u00e1nh Martin, gx c\u00e1c th\u00e1nh t\u1eed \u0111\u1ea1o, Richmond CA. [&hellip;]<\/p>\n","protected":false},"author":1,"featured_media":3269,"parent":0,"menu_order":0,"comment_status":"closed","ping_status":"closed","template":"","meta":{"footnotes":""},"class_list":["post-113","page","type-page","status-publish","has-post-thumbnail","hentry"],"_links":{"self":[{"href":"https:\/\/daminhptvn.org\/index.php?rest_route=\/wp\/v2\/pages\/113","targetHints":{"allow":["GET"]}}],"collection":[{"href":"https:\/\/daminhptvn.org\/index.php?rest_route=\/wp\/v2\/pages"}],"about":[{"href":"https:\/\/daminhptvn.org\/index.php?rest_route=\/wp\/v2\/types\/page"}],"author":[{"embeddable":true,"href":"https:\/\/daminhptvn.org\/index.php?rest_route=\/wp\/v2\/users\/1"}],"replies":[{"embeddable":true,"href":"https:\/\/daminhptvn.org\/index.php?rest_route=%2Fwp%2Fv2%2Fcomments&post=113"}],"version-history":[{"count":16,"href":"https:\/\/daminhptvn.org\/index.php?rest_route=\/wp\/v2\/pages\/113\/revisions"}],"predecessor-version":[{"id":3346,"href":"https:\/\/daminhptvn.org\/index.php?rest_route=\/wp\/v2\/pages\/113\/revisions\/3346"}],"wp:featuredmedia":[{"embeddable":true,"href":"https:\/\/daminhptvn.org\/index.php?rest_route=\/wp\/v2\/media\/3269"}],"wp:attachment":[{"href":"https:\/\/daminhptvn.org\/index.php?rest_route=%2Fwp%2Fv2%2Fmedia&parent=113"}],"curies":[{"name":"wp","href":"https:\/\/api.w.org\/{rel}","templated":true}]}}