{"id":108,"date":"2021-10-15T10:52:03","date_gmt":"2021-10-15T10:52:03","guid":{"rendered":"https:\/\/daminhptvn.stvincentliem.ca\/?page_id=108"},"modified":"2025-10-08T12:09:31","modified_gmt":"2025-10-08T18:09:31","slug":"giao-xu","status":"publish","type":"page","link":"https:\/\/daminhptvn.org\/?page_id=108","title":{"rendered":"Gi\u00e1o X\u1ee9"},"content":{"rendered":"\n<p>C\u00e1c gi\u00e1o x\u1ee9 do c\u00e1c linh m\u1ee5c c\u1ee7a ph\u1ee5 t\u1ec9nh \u0110a Minh Vi\u1ec7t Nam H\u1ea3i Ngo\u1ea1i ph\u1ee5 tr\u00e1ch.<\/p>\n\n\n\n<iframe loading=\"lazy\" src=\"https:\/\/www.google.com\/maps\/d\/embed?mid=1TX9UUmCunXGwxPh3UpLDCFfNR2nsYQzH\" width=\"100%\" height=\"640\"><\/iframe>\n\n\n\n<h2 class=\"wp-block-heading\" id=\"canada\">Canada<\/h2>\n\n\n\n<hr class=\"wp-block-separator has-css-opacity\"\/>\n\n\n\n<h3 class=\"wp-block-heading\" id=\"gxthnhvinhsnlim\">GX Th\u00e1nh Vinh S\u01a1n Li\u00eam<\/h3>\n\n\n\n<p>Cha X\u1ee9: Ts. Vincent \u0110inh Ng\u1ecdc Th\u1ea3o, O.P.<br>Ph\u1ee5 t\u00e1: Ts. Michael Ph\u1ea1m V\u0169 Giang \u0110\u00ecnh, O.P.<br>\u0110\u1ecba ch\u1ec9: 2412 48 St SE, Calgary, AB T2B 1M4, Canada<br>Website:&nbsp;<a href=\"http:\/\/www.stvincentliem.ca\/\">www.Stvincentliem.ca<\/a><\/p>\n\n\n\n<h3 class=\"wp-block-heading\" id=\"gxnvngccthnhtovitnam\">GX. N\u1eef V\u01b0\u01a1ng C\u00e1c Th\u00e1nh T\u1eed \u0110\u1ea1o Vi\u1ec7t Nam<\/h3>\n\n\n\n<p>Cha X\u1ee9: Ts. Martin Maria Nguy\u1ec5n Huy Th\u00f4ng, O.P.<br>\u0110\u1ecba ch\u1ec9: 13210 \u2013 133A Avenue, Edmonton, AB T5H 2J9, Canada<br>Website:&nbsp;<a href=\"http:\/\/www.giaoxuedmonton.ca\/\">www.giaoxuedmonton.ca<\/a><\/p>\n\n\n\n<h3 class=\"wp-block-heading\" id=\"holytrinityparish\">Holy Trinity Parish<\/h3>\n\n\n\n<p>Cha x\u1ee9: Ts. \u0110a Minh Ng\u00f4 Qu\u1ed1c Tu\u1ea5n, O.P.<br>Ph\u1ee5 t\u00e1: Ts. Phanxic\u00f4 X. Ph\u00fa Anh Qu\u1ed1c, OP.<br>\u0110\u1ecba ch\u1ec9: 1525 45 St SE, Calgary, AB T2A 1N3, Canada<br>Website:<\/p>\n\n\n\n<h3 class=\"wp-block-heading\" id=\"stfrancisassisisparish\">St. Francis Assisi\u2018s Parish<\/h3>\n\n\n\n<p>Cha X\u1ee9: Ts. Michael Nguy\u1ec5n Tr\u00ed Phi, O.P.<br>\u0110\u1ecba ch\u1ec9: 211 6 Ave SE, Calgary, AB T2G 0G4, Canada<br>Website:&nbsp;<a href=\"http:\/\/www.stfranciscalgary.org\/\">www.stfranciscalgary.org<\/a><\/p>\n\n\n\n<h3 class=\"wp-block-heading\" id=\"stjosephsparish\">St. Joseph\u2019s Parish<\/h3>\n\n\n\n<p>Cha X\u1ee9: Ts. Giuse Tr\u1ea7n Trung Dung, O.P.<br>Ph\u1ee5 t\u00e1: Ts. Ph\u00ear\u00f4 Nguy\u1ec5n N\u0103ng, O.P.<br>\u0110\u1ecba ch\u1ec9: 1612 E 18th Ave, Vancouver, BC V5N 2H6, Canada<br>Website:\u00a0<a href=\"http:\/\/www.stjosephvancouver.ca\/\">www.stjosephvancouver.ca<\/a><\/p>\n\n\n\n<h2 class=\"wp-block-heading\" id=\"unitedstates\">United States<\/h2>\n\n\n\n<hr class=\"wp-block-separator has-css-opacity\"\/>\n\n\n\n<h3 class=\"wp-block-heading\" id=\"gxccthnhtovitnamarlington\">GX. C\u00e1c Th\u00e1nh T\u1eed \u0110\u1ea1o Vi\u1ec7t Nam Arlington<\/h3>\n\n\n\n<p>Cha x\u1ee9: Ts. T\u00f4ma Aq. Nguy\u1ec5n Ho\u00e0ng Anh, O.P.<br>Ph\u1ee5 t\u00e1: Ts. Ph\u00ear\u00f4 Nguy\u1ec5n \u0110\u00ecnh Ph\u01b0\u01a1ng, O.P.<br>Ph\u1ee5 t\u00e1: Ts. Ph\u00ear\u00f4 Tr\u1ecbnh Minh Ph\u00fa, O.P.<\/p>\n\n\n\n<p>\u0110\u1ecba ch\u1ec9: 915 S Wakefield St, Arlington, VA 22204, USA<br>Website:&nbsp;<a href=\"http:\/\/www.cttdva.org\/\">www.cttdva.org<\/a> <\/p>\n\n\n\n<h3 class=\"wp-block-heading\" id=\"gxccthnhtorichmondva\">GX. C\u00e1c Th\u00e1nh T\u1eed \u0110\u1ea1o Richmond, VA<\/h3>\n\n\n\n<p>Cha X\u1ee9: Ts. Ant\u00f4n \u0110inh Minh Ti\u00ean, OP.<\/p>\n\n\n\n<p>Ph\u1ee5 t\u00e1: Ts Giuse \u0110inh Tr\u1ecdng Ch\u00ednh, OP<br>\u0110\u1ecba ch\u1ec9: 12500 Patterson Ave, Richmond, VA 23238, USA<br>Website:&nbsp;<a href=\"http:\/\/www.chungnhan.org\/\">www.chungnhan.org<\/a><\/p>\n\n\n\n<h3 class=\"wp-block-heading\" id=\"gxccthnhtovnphoenix\">GX. C\u00e1c Th\u00e1nh T\u1eed \u0110\u1ea1o VN Phoenix<\/h3>\n\n\n\n<p>Cha X\u1ee9: Ts. Gioan Ho\u00e0ng Thanh S\u01a1n, O.P.<br>Ph\u1ee5 t\u00e1: Ts. Phaol\u00f4 Nguy\u1ec5n H\u1ea3i \u0110\u0103ng, O.P.<br>\u0110\u1ecba ch\u1ec9: 2915 W Northern Ave, Phoenix, AZ 85051, USA<br>Website:&nbsp;<a href=\"https:\/\/cttdvnphx.org\/vi\/\">www.cttdvnphx.c<\/a><a href=\"http:\/\/www.cttdvnphx.com\/\">om<\/a>\/<\/p>\n\n\n\n<h3 class=\"wp-block-heading\" id=\"gxcmlavanghoustontx\">GX. \u0110\u1ee9c M\u1eb9 La Vang, Houston, TX<\/h3>\n\n\n\n<p>Cha X\u1ee9: Ts. Giuse \u0110inh V\u0103n Ngh\u1ecb, O.P.<br>Ph\u1ee5 t\u00e1: Ts. Giuse Tr\u1ea7n Trung Li\u00eam, O.P.<br>Ph\u1ee5 t\u00e1: Ts. \u0110a Minh Nguy\u1ec5n Trinh Quang, O.P.<br>\u0110\u1ecba ch\u1ec9: 12320 Old Foltin Rd, Houston, TX 77086, USATel. (281) 999-1672<br>Website:&nbsp;<a href=\"http:\/\/www.lavangchurch.org\/\">www.lavangchurch.org<\/a><\/p>\n\n\n\n<h3 class=\"wp-block-heading\" id=\"gxcmlchoustontx\">GX. \u0110\u1ee9c M\u1eb9 L\u1ed9 \u0110\u1ee9c, Houston, TX<\/h3>\n\n\n\n<p>Cha X\u1ee9: Ts. GB.Nguy\u1ec5n Minh \u0110\u1ee9c, O.P.<br>Ph\u1ee5 T\u00e1: Ts. Giuse Ph\u1ea1m Duy Kh\u00e1nh, O.P.<\/p>\n\n\n\n<p>Ph\u1ee5 t\u00e1: Vinh S\u01a1n Nguy\u1ec5n Ho\u00e0ng, O.P.<br>\u0110\u1ecba ch\u1ec9: 6550 Fairbanks North Houston Rd, Houston, TX 77040, USA<br>Tel.:&nbsp;(713) 939-1906Website:&nbsp;<a href=\"http:\/\/www.loduc.org\/\">www.loduc.org<\/a><\/p>\n\n\n\n<h3 class=\"wp-block-heading\" id=\"cngoncmlavangchantillyva\">C\u1ed9ng \u0110o\u00e0n \u0110\u1ee9c M\u1eb9 La Vang, Chantilly, VA<\/h3>\n\n\n\n<p>The Responsible: GB. Nguy\u1ec5n \u0110\u1ee9c V\u01b0\u1ee3ng, O.P.<br>\u0110\u1ecba ch\u1ec9: 3460 Centreville Rd, Chantilly, VA 20151, USA<br>Website:&nbsp;<a href=\"http:\/\/www.ourladyoflavangva.com\/\">www.ourladyoflavangva.com<\/a><\/p>\n","protected":false},"excerpt":{"rendered":"<p>C\u00e1c gi\u00e1o x\u1ee9 do c\u00e1c linh m\u1ee5c c\u1ee7a ph\u1ee5 t\u1ec9nh \u0110a Minh Vi\u1ec7t Nam H\u1ea3i Ngo\u1ea1i ph\u1ee5 tr\u00e1ch. Canada GX Th\u00e1nh Vinh S\u01a1n Li\u00eam Cha X\u1ee9: Ts. Vincent \u0110inh Ng\u1ecdc Th\u1ea3o, O.P.Ph\u1ee5 t\u00e1: Ts. Michael Ph\u1ea1m V\u0169 Giang \u0110\u00ecnh, O.P.\u0110\u1ecba ch\u1ec9: 2412 48 St SE, Calgary, AB T2B 1M4, CanadaWebsite:&nbsp;www.Stvincentliem.ca GX. N\u1eef V\u01b0\u01a1ng C\u00e1c Th\u00e1nh [&hellip;]<\/p>\n","protected":false},"author":1,"featured_media":0,"parent":0,"menu_order":0,"comment_status":"closed","ping_status":"closed","template":"","meta":{"footnotes":""},"class_list":["post-108","page","type-page","status-publish","hentry"],"_links":{"self":[{"href":"https:\/\/daminhptvn.org\/index.php?rest_route=\/wp\/v2\/pages\/108","targetHints":{"allow":["GET"]}}],"collection":[{"href":"https:\/\/daminhptvn.org\/index.php?rest_route=\/wp\/v2\/pages"}],"about":[{"href":"https:\/\/daminhptvn.org\/index.php?rest_route=\/wp\/v2\/types\/page"}],"author":[{"embeddable":true,"href":"https:\/\/daminhptvn.org\/index.php?rest_route=\/wp\/v2\/users\/1"}],"replies":[{"embeddable":true,"href":"https:\/\/daminhptvn.org\/index.php?rest_route=%2Fwp%2Fv2%2Fcomments&post=108"}],"version-history":[{"count":18,"href":"https:\/\/daminhptvn.org\/index.php?rest_route=\/wp\/v2\/pages\/108\/revisions"}],"predecessor-version":[{"id":3650,"href":"https:\/\/daminhptvn.org\/index.php?rest_route=\/wp\/v2\/pages\/108\/revisions\/3650"}],"wp:attachment":[{"href":"https:\/\/daminhptvn.org\/index.php?rest_route=%2Fwp%2Fv2%2Fmedia&parent=108"}],"curies":[{"name":"wp","href":"https:\/\/api.w.org\/{rel}","templated":true}]}}